{"id":92,"date":"2025-01-18T16:16:13","date_gmt":"2025-01-18T16:16:13","guid":{"rendered":"https:\/\/siebentagefrei.de\/?page_id=92"},"modified":"2025-01-24T09:09:00","modified_gmt":"2025-01-24T09:09:00","slug":"gute-gruende","status":"publish","type":"page","link":"https:\/\/siebentagefrei.de\/index.php\/alles-auf-einen-klick\/gute-gruende\/","title":{"rendered":"gute Gr\u00fcnde"},"content":{"rendered":"\n<h2 class=\"wp-block-heading\">wieso, weshalb, warum?<\/h2>\n\n\n<div class=\"gb-grid-wrapper gb-grid-wrapper-bf28b461\">\n<div class=\"gb-grid-column gb-grid-column-d94753e3\"><div class=\"gb-container gb-container-d94753e3\">\n\n<p><strong>Wunsch und Ziel unserer Arbeit sind, den Menschen in seiner Autonomie zu f\u00f6rdern und dessen unmittelbaren und ureigensten F\u00e4higkeiten zu st\u00e4rken, damit er selbstbestimmt und m\u00f6glichst frei das eigene Leben und die Beziehungen gestalten kann.<\/strong><\/p>\n\n\n\n<p>In einer Gesellschaft, in der es zur Lebensrealit\u00e4t geh\u00f6rt, dass es normal ist, zu konsumieren, wird zugleich&nbsp; immer weniger selbst gestaltet. Die individuellen F\u00e4higkeiten, die jeder Mensch selbst und ganz unmittelbar hat, bleiben ein Leben lang, unabh\u00e4ngig von technischer Innovation und Kultur, in der man lebt.<\/p>\n\n\n\n<p>Wir beobachten die Tendenz, dass das moderne Leben, und damit auch digitale Medien, uns der Gefahr ausliefern, uns von uns selbst und unseren ureigensten F\u00e4higkeiten zu entfernen. Durchaus n\u00fctzliche Apps, wie Fitness-Apps oder Messenger-Apps erg\u00e4nzen jedoch nicht nur Bereiche des t\u00e4glichen Lebens, sie besetzen sie zunehmend. <\/p>\n\n<\/div><\/div>\n\n<div class=\"gb-grid-column gb-grid-column-412ba469\"><div class=\"gb-container gb-container-412ba469\">\n\n<figure class=\"wp-block-image size-large\"><img loading=\"lazy\" decoding=\"async\" width=\"1024\" height=\"546\" src=\"https:\/\/siebentagefrei.de\/wp-content\/uploads\/2025\/01\/heldb3-1024x546.jpg\" alt=\"\" class=\"wp-image-95\" srcset=\"https:\/\/siebentagefrei.de\/wp-content\/uploads\/2025\/01\/heldb3-1024x546.jpg 1024w, https:\/\/siebentagefrei.de\/wp-content\/uploads\/2025\/01\/heldb3-300x160.jpg 300w, https:\/\/siebentagefrei.de\/wp-content\/uploads\/2025\/01\/heldb3-768x409.jpg 768w, https:\/\/siebentagefrei.de\/wp-content\/uploads\/2025\/01\/heldb3.jpg 1280w\" sizes=\"auto, (max-width: 1024px) 100vw, 1024px\" \/><\/figure>\n\n<\/div><\/div>\n<\/div>\n\n\n<p><\/p>\n\n\n\n<p>So besteht die Gefahr, selbst nicht mehr auf den eigenen K\u00f6rper zu h\u00f6ren, wenn es um das Training geht, sondern dem vorgegebenen Fitnessplan einer entsprechenden App zu folgen, die mir sagt, dass ich heute noch nicht genug gelaufen bin oder nur eine bestimmte Anzahl Kalorien verbrennen muss, obwohl das Knie schmerzt oder ich nicht will. Auch Kommunikation kann zum Stressor werden, wenn wir immer erreichbar sind. Oft hilft es nicht, das Smartphone einfach mal wegzulegen, ich k\u00f6nnte ja doch eine wichtige(?) Nachricht verpassen.<\/p>\n\n\n\n<p>Unserer Meinung nach braucht jedwede Medienkompetenz ein stabiles Fundament, das leider oft v\u00f6llig au\u00dfer Acht gelassen wird: <strong>Medienm\u00fcndigkeit<\/strong>. Und M\u00fcndigkeit resultiert aus der Summe der eigenen gemachten Erfahrungen, vor allem in Bezug auf die eigenen St\u00e4rken und F\u00e4higkeiten. Erst wenn ich wei\u00df, was ich selbst kann, kann ich mir dazu Hilfe holen und mich unterst\u00fctzen lassen, z.B. von Apps. Ansonsten werde ich leicht zum Spielball anderer, die mich mit vermeintlich n\u00fctzlichen Programmen weg von mir hin in eine neue Art Abh\u00e4ngigkeit bringen. M\u00fcndigkeit bedeutet, dass ich eine starke eigene Haltung gegen\u00fcber einer Sache entwickeln konnte, die mich in die Lage versetzt, diese bewusst und proaktiv zu nutzen. M\u00fcndigkeit muss sich aber entwickeln k\u00f6nnen. Daher fordern wir auch ein Umdenken an den Schulen in Bezug auf die F\u00f6rderung der wichtigen Medienkompetenzen. Wenn ich eine schwache Impulskontrolle habe, kann ich das Computerspiel nicht beenden, den Fernseher zu einer bestimmten Zeit ausmachen, eingehende Nachrichten ignorieren oder das Smartphone ausmachen und die Stille aushalten.<\/p>\n\n\n\n<p>Mit dem Projekt m\u00f6chten wir eine wichtige Erfahrung erm\u00f6glichen.<\/p>\n\n\n\n<h3 class=\"wp-block-heading\"><strong>Und das sind unsere Argumente f\u00fcr einen zeitlich begrenzten Verzicht:<\/strong><\/h3>\n\n\n\n<p>(Ersetzen Sie &#8222;Sache&#8220; wahlweise mit Alkohol, Schokolade oder Handy)<\/p>\n\n\n\n<p>&#8211; Die Erfahrung, es ohne zu schaffen, ist ein wichtiger und pr\u00e4gender Baustein f\u00fcr meine Haltung gegen\u00fcber der Sache. Nach dem Verzicht habe ich die Chance, die verzichtete Sache bewusster wahrzunehmen und kann ihr nun mit einer neuen Erfahrung im Erfahrungsschatz meiner ureigensten F\u00e4higkeiten gegen\u00fcber stehen.<\/p>\n\n\n\n<p>&#8211; Die F\u00e4higkeit, auf etwas zu verzichten, zeigt mir den Grad der m\u00f6glichen Abh\u00e4ngigkeit von dieser Sache.<\/p>\n\n\n\n<p>&#8211; Durch Verzicht bin ich wieder mehr auf mich selbst gestellt, und damit wird meine Autonomie gest\u00e4rkt. Die F\u00e4higkeit, zu verzichten, zeigt mir zugleich, wie gut ich mich selbst ohne die Sache organisieren kann und ob ich die n\u00f6tigen Ressourcen und F\u00e4higkeiten, sowie die daraus resultierenden Alternativen in mir (noch) finde.<\/p>\n\n\n\n<h2 class=\"wp-block-heading\"><strong>&nbsp;F\u00fcr die J\u00fcngeren unter uns formuliert:<\/strong><\/h2>\n\n\n\n<p><strong>Ha<sup>2<\/sup>eld sein bedeutet<\/strong><\/p>\n\n\n\n<ul class=\"wp-block-list\">\n<li>echte Freundschaften zu finden<\/li>\n\n\n\n<li>mit allen Sinnen zu erleben<\/li>\n\n\n\n<li>echte Abenteuer<\/li>\n\n\n\n<li>Langeweile selbst besiegen k\u00f6nnen<\/li>\n\n\n\n<li>die Wahl zu haben<\/li>\n\n\n\n<li>vom Beherrschten zum Beherrscher zu werden<\/li>\n\n\n\n<li>echte Anerkennung zu bekommen<\/li>\n\n\n\n<li>Gemeinschaft echt zu entwickeln<\/li>\n\n\n\n<li>echte Herausforderungen zu finden<\/li>\n<\/ul>\n\n\n\n<ul class=\"wp-block-list\">\n<li>eine altersgerechte Entwicklung<\/li>\n\n\n\n<li>das eigene Potential zu entwickeln<\/li>\n\n\n\n<li>eine gesunde Medienkultur zu entwickeln<\/li>\n<\/ul>\n\n\n\n<p>Ha<sup>2<\/sup>eld sein bedeutet stolz auf sich zu sein!<\/p>\n","protected":false},"excerpt":{"rendered":"<p>wieso, weshalb, warum? So besteht die Gefahr, selbst nicht mehr auf den eigenen K\u00f6rper zu h\u00f6ren, wenn es um das Training geht, sondern dem vorgegebenen Fitnessplan einer entsprechenden App zu folgen, die mir sagt, dass ich heute noch nicht genug gelaufen bin oder nur eine bestimmte Anzahl Kalorien verbrennen muss, obwohl das Knie schmerzt oder &#8230; <\/p>\n<p class=\"read-more-container\"><a title=\"gute Gr\u00fcnde\" class=\"read-more button\" href=\"https:\/\/siebentagefrei.de\/index.php\/alles-auf-einen-klick\/gute-gruende\/#more-92\" aria-label=\"Mehr Informationen \u00fcber gute Gr\u00fcnde\">Weiterlesen &#8230;<\/a><\/p>\n","protected":false},"author":1,"featured_media":0,"parent":67,"menu_order":2,"comment_status":"closed","ping_status":"closed","template":"","meta":{"footnotes":""},"class_list":["post-92","page","type-page","status-publish"],"_links":{"self":[{"href":"https:\/\/siebentagefrei.de\/index.php\/wp-json\/wp\/v2\/pages\/92","targetHints":{"allow":["GET"]}}],"collection":[{"href":"https:\/\/siebentagefrei.de\/index.php\/wp-json\/wp\/v2\/pages"}],"about":[{"href":"https:\/\/siebentagefrei.de\/index.php\/wp-json\/wp\/v2\/types\/page"}],"author":[{"embeddable":true,"href":"https:\/\/siebentagefrei.de\/index.php\/wp-json\/wp\/v2\/users\/1"}],"replies":[{"embeddable":true,"href":"https:\/\/siebentagefrei.de\/index.php\/wp-json\/wp\/v2\/comments?post=92"}],"version-history":[{"count":2,"href":"https:\/\/siebentagefrei.de\/index.php\/wp-json\/wp\/v2\/pages\/92\/revisions"}],"predecessor-version":[{"id":97,"href":"https:\/\/siebentagefrei.de\/index.php\/wp-json\/wp\/v2\/pages\/92\/revisions\/97"}],"up":[{"embeddable":true,"href":"https:\/\/siebentagefrei.de\/index.php\/wp-json\/wp\/v2\/pages\/67"}],"wp:attachment":[{"href":"https:\/\/siebentagefrei.de\/index.php\/wp-json\/wp\/v2\/media?parent=92"}],"curies":[{"name":"wp","href":"https:\/\/api.w.org\/{rel}","templated":true}]}}