{"id":167,"date":"2025-01-19T12:18:07","date_gmt":"2025-01-19T12:18:07","guid":{"rendered":"https:\/\/siebentagefrei.de\/?page_id=167"},"modified":"2025-01-19T12:18:07","modified_gmt":"2025-01-19T12:18:07","slug":"die-wiehler-sozialstiftung","status":"publish","type":"page","link":"https:\/\/siebentagefrei.de\/index.php\/die-wiehler-sozialstiftung\/","title":{"rendered":"Die Wiehler Sozialstiftung"},"content":{"rendered":"\n<figure class=\"wp-block-image\"><a href=\"https:\/\/siebentagefrei.de\/copie\/index.php_eID=tx_cms_showpic&amp;file=430&amp;md5=8927ee37e699e8263defa0986171209ee17022ef&amp;parameters%5B0%5D=YTo0OntzOjU6IndpZHRoIjtzOjQ6IjgwMG0iO3M6NjoiaGVpZ2h0IjtzOjQ6IjYw&amp;parameters%5B1%5D=MG0iO3M6NzoiYm9keVRhZyI7czo0MToiPGJvZHkgc3R5bGU9Im1hcmdpb_88fdf6e34d66740e.html\"><img decoding=\"async\" src=\"https:\/\/siebentagefrei.de\/copie\/fileadmin\/_processed_\/csm_B-B_89_6_KB__300_dpi__661b_x_839_h_pixel_8a3d08b47a.jpg\" alt=\"\"\/><\/a><\/figure>\n\n\n\n<p><strong>Gru\u00dfwort zum Projekt \u201eSieben Tage frei\u201c &nbsp;<\/strong><br><br>Sieben Tage frei? Bedeutet das eine zus\u00e4tzliche Urlaubs- oder Ferienwoche? Nein, \u201eSieben Tage frei\u201c hei\u00dft in diesem Fall nicht, eine Woche von Arbeit oder Schule freigestellt zu sein.<br><br>Trotzdem kann es im \u00fcbertragenen Sinn eine Befreiung sein, denn hier geht es darum, vom 10.06. bis 17.06.2015 ganz oder teilweise ohne elektronische Medien auszukommen.<br><br>Dieses von der Wiehler Sozialstiftung in Kooperation mit Outdoor Oberberg e.V. initiierte Projekt m\u00f6chte den bewussten Umgang mit elektronischen Medien f\u00f6rdern. Der stetig ansteigende Medienkonsum ver\u00e4ndert unsere Gesellschaft und nimmt im Leben des Einzelnen einen immer gr\u00f6\u00dferen Stellenwert ein. Dabei sch\u00e4tzen wir die durch technischen Fortschritt erreichten Arbeitserleichterungen, schnellen Kommunikationswege und nicht zuletzt die Spiel und Spa\u00dfangebote.<br><br>Aber bestimmen wir bewusst und zielgerichtet den Einsatz der elektronischen Medien oder bestimmen diese unser Leben?<br><br>Eine gro\u00dfe Zahl Wiehler Sch\u00fclerinnen und Sch\u00fcler hat sich entschlossen dieser Frage auf den Grund zu gehen und f\u00fcr die Dauer von sieben Tagen zu testen, wie ein Leben ohne Smartphone, Tablet, Laptop, TV, Spielkonsole etc. aussieht. Dazu geh\u00f6rt schon etwas Mut, denn die heutige Sch\u00fclergeneration ist an den Umgang mit elektronischen Medien von klein auf gew\u00f6hnt.<br><br>Vereine, B\u00fccherei, Musikschule und viele andere Wiehler Institutionen beteiligen sich am Projekt, indem sie in der medienfreien Woche ein alternatives Programm in Form eines Spa\u00dfpasses anbieten.<br><br>Wenn Sie ebenfalls an \u201eanalogen Erfahrungen\u201c interessiert sind und auch selbst am Projekt teilnehmen m\u00f6chten, sind Sie herzlich dazu eingeladen.<br><br>Mit freundlichen Gr\u00fc\u00dfen<br><br>Werner Becker-Blonigen<br><br>B\u00fcrgermeister<\/p>\n\n\n\n<figure class=\"wp-block-image\"><a href=\"http:\/\/www.wiehl.de\/leben\/vereine\/?id=222\" target=\"_blank\" rel=\"noreferrer noopener\"><img decoding=\"async\" src=\"https:\/\/siebentagefrei.de\/copie\/fileadmin\/user_upload\/wiehl300.jpg\" alt=\"\"\/><\/a><\/figure>\n","protected":false},"excerpt":{"rendered":"<p>Gru\u00dfwort zum Projekt \u201eSieben Tage frei\u201c &nbsp; Sieben Tage frei? Bedeutet das eine zus\u00e4tzliche Urlaubs- oder Ferienwoche? Nein, \u201eSieben Tage frei\u201c hei\u00dft in diesem Fall nicht, eine Woche von Arbeit oder Schule freigestellt zu sein. Trotzdem kann es im \u00fcbertragenen Sinn eine Befreiung sein, denn hier geht es darum, vom 10.06. bis 17.06.2015 ganz oder &#8230; <\/p>\n<p class=\"read-more-container\"><a title=\"Die Wiehler Sozialstiftung\" class=\"read-more button\" href=\"https:\/\/siebentagefrei.de\/index.php\/die-wiehler-sozialstiftung\/#more-167\" aria-label=\"Mehr Informationen \u00fcber Die Wiehler Sozialstiftung\">Weiterlesen &#8230;<\/a><\/p>\n","protected":false},"author":1,"featured_media":0,"parent":0,"menu_order":0,"comment_status":"closed","ping_status":"closed","template":"","meta":{"footnotes":""},"class_list":["post-167","page","type-page","status-publish"],"_links":{"self":[{"href":"https:\/\/siebentagefrei.de\/index.php\/wp-json\/wp\/v2\/pages\/167","targetHints":{"allow":["GET"]}}],"collection":[{"href":"https:\/\/siebentagefrei.de\/index.php\/wp-json\/wp\/v2\/pages"}],"about":[{"href":"https:\/\/siebentagefrei.de\/index.php\/wp-json\/wp\/v2\/types\/page"}],"author":[{"embeddable":true,"href":"https:\/\/siebentagefrei.de\/index.php\/wp-json\/wp\/v2\/users\/1"}],"replies":[{"embeddable":true,"href":"https:\/\/siebentagefrei.de\/index.php\/wp-json\/wp\/v2\/comments?post=167"}],"version-history":[{"count":1,"href":"https:\/\/siebentagefrei.de\/index.php\/wp-json\/wp\/v2\/pages\/167\/revisions"}],"predecessor-version":[{"id":169,"href":"https:\/\/siebentagefrei.de\/index.php\/wp-json\/wp\/v2\/pages\/167\/revisions\/169"}],"wp:attachment":[{"href":"https:\/\/siebentagefrei.de\/index.php\/wp-json\/wp\/v2\/media?parent=167"}],"curies":[{"name":"wp","href":"https:\/\/api.w.org\/{rel}","templated":true}]}}