{"id":164,"date":"2026-03-19T12:17:18","date_gmt":"2026-03-19T12:17:18","guid":{"rendered":"https:\/\/siebentagefrei.de\/?page_id=164"},"modified":"2026-03-26T15:18:54","modified_gmt":"2026-03-26T15:18:54","slug":"outdoor-oberberg-e-v","status":"publish","type":"page","link":"https:\/\/siebentagefrei.de\/index.php\/outdoor-oberberg-e-v\/","title":{"rendered":"Outdoor Oberberg e.V."},"content":{"rendered":"\n<figure class=\"wp-block-image\"><a href=\"http:\/\/www.outdoor-oberberg.de\" target=\"_blank\" rel=\"noreferrer noopener\"><img decoding=\"async\" src=\"https:\/\/siebentagefrei.de\/copie\/fileadmin\/_processed_\/csm_Outdoor_Oberberg_Logo_e.V.-ohne_Slogan_b3bc636914.jpg\" alt=\"\"\/><\/a><\/figure>\n\n\n\n<p>Outdoor Oberberg e.V. wurde 2006 in Waldbr\u00f6l gegr\u00fcndet und spezialisierte sich fr\u00fch auf die F\u00f6rderung sozialer Kompetenzen bei Kindern und Jugendlichen.<br>Bei der Entwicklung der kognitiven Strukturen geht es neben dem Aspekt der Lernprogression stets auch um die Entwicklung und F\u00f6rderung verschiedener Kompetenzen, wie etwa der Sach, Urteils-, Methoden-, Sozial- und Selbstkompetenzen.<br>Im Laufe seiner Arbeit stellte der Verein zunehmend fest, dass seine au\u00dferschulischen Angebote zur Kompetenzf\u00f6rderung einen starken Effekt auf die Entwicklung der Sch\u00fclerinnen und Sch\u00fcler haben. Die zahlreichen positiven Erfahrungen von Lehrkr\u00e4ften und ihren Klassen mit den verschiedenen Trainings und Angeboten des Outdoor Oberberg e.V. ermutigten den Verein, seine Angebote fort zu entwickeln und fachlich weiter zu fundamentieren.<\/p>\n\n\n\n<p>Outdoor Oberberg e.V. sucht stetig nach neuen und effektiven Ans\u00e4tzen, die Entwicklung verschiedenster Kompetenzen zu f\u00f6rdern und hat in seiner methodischen Vielfalt seine St\u00e4rken:<br>Erlebnisp\u00e4dagogik, Neurodidaktik, Outdoor-Fitness, Theaterarbeit, Antigewalttraining, Selbstverteidigung,<br>Coaching und Natursport sind unter anderem die methodischen Ressourcen. Diese Vielfalt erm\u00f6glicht es, effektive und innovative Angebote zu schaffen, in denen Kinder und Jugendliche zu nachhaltiger Entwicklung herausgefordert werden.<br>Zur Zeit besch\u00e4ftigt der Verein eine Angestellte, die im B\u00fcro f\u00fcr die Administration und organisatorische<br>Leitung zust\u00e4ndig ist, sowie etwa 20 freiberuflich t\u00e4tige Trainer und P\u00e4dagogen. Diese verf\u00fcgen \u00fcber p\u00e4dagogische Ausbildungen sowie geweils spezielle Kenntnisse in verschiedenen Fachgebieten, wie der Erlebnisp\u00e4dagogik, Kr\u00e4uter-, Wildnis-, Natur- und Umweltp\u00e4dagogik, Erster Hilfe, Theaterarbeit, Coaching, Organisationsentwicklung, dem Fitnesstraining, Sportp\u00e4dagogik bis hin zu meditativem Bogenschie\u00dfen.<br>Ein Kreis von derzeit vier P\u00e4dagogen ist zust\u00e4ndig f\u00fcr die konzeptionelle Entwicklungen von Programmen<br>und Angeboten.<br>Der Verein sieht sich in Waldbr\u00f6l verwurzelt und als Teil des dortigen Gemeinwesens, engagiert sich jedoch bundesweit.<br>Seit 2008 ist Outdoor Oberberg e.V. im Arbeitskreis Aus- und Weiterbildung, in welchem einheitliche Ausbildungsstandards f\u00fcr Erlebnisp\u00e4dagogen entwickelt werden.<br>Auch Sicherheit wird im Verein gro\u00df geschrieben.<br>Als Betreiber vo Hochseilgartenanlagen sowie verschiedener sogenannter mobilder Seilbauten<br>sieht sich Outdoor Oberberg e.V. zu h\u00f6chsten Sicherheitsstandards verpflichtet. Als aktives Mitglied<br>war der Verein unter anderem an der Gr\u00fcndung des ERCA-Arbeitskreises f\u00fcr mehr Sicherheit<br>in p\u00e4dagogische Hochseilgartenprogrammen beteiligt.<\/p>\n","protected":false},"excerpt":{"rendered":"<p>Outdoor Oberberg e.V. wurde 2006 in Waldbr\u00f6l gegr\u00fcndet und spezialisierte sich fr\u00fch auf die F\u00f6rderung sozialer Kompetenzen bei Kindern und Jugendlichen.Bei der Entwicklung der kognitiven Strukturen geht es neben dem Aspekt der Lernprogression stets auch um die Entwicklung und F\u00f6rderung verschiedener Kompetenzen, wie etwa der Sach, Urteils-, Methoden-, Sozial- und Selbstkompetenzen.Im Laufe seiner Arbeit stellte &#8230; <\/p>\n<p class=\"read-more-container\"><a title=\"Outdoor Oberberg e.V.\" class=\"read-more button\" href=\"https:\/\/siebentagefrei.de\/index.php\/outdoor-oberberg-e-v\/#more-164\" aria-label=\"Mehr Informationen \u00fcber Outdoor Oberberg e.V.\">Weiterlesen &#8230;<\/a><\/p>\n","protected":false},"author":1,"featured_media":0,"parent":0,"menu_order":0,"comment_status":"closed","ping_status":"closed","template":"","meta":{"footnotes":""},"class_list":["post-164","page","type-page","status-publish"],"_links":{"self":[{"href":"https:\/\/siebentagefrei.de\/index.php\/wp-json\/wp\/v2\/pages\/164","targetHints":{"allow":["GET"]}}],"collection":[{"href":"https:\/\/siebentagefrei.de\/index.php\/wp-json\/wp\/v2\/pages"}],"about":[{"href":"https:\/\/siebentagefrei.de\/index.php\/wp-json\/wp\/v2\/types\/page"}],"author":[{"embeddable":true,"href":"https:\/\/siebentagefrei.de\/index.php\/wp-json\/wp\/v2\/users\/1"}],"replies":[{"embeddable":true,"href":"https:\/\/siebentagefrei.de\/index.php\/wp-json\/wp\/v2\/comments?post=164"}],"version-history":[{"count":1,"href":"https:\/\/siebentagefrei.de\/index.php\/wp-json\/wp\/v2\/pages\/164\/revisions"}],"predecessor-version":[{"id":166,"href":"https:\/\/siebentagefrei.de\/index.php\/wp-json\/wp\/v2\/pages\/164\/revisions\/166"}],"wp:attachment":[{"href":"https:\/\/siebentagefrei.de\/index.php\/wp-json\/wp\/v2\/media?parent=164"}],"curies":[{"name":"wp","href":"https:\/\/api.w.org\/{rel}","templated":true}]}}