{"id":150,"date":"2025-01-19T12:02:36","date_gmt":"2025-01-19T12:02:36","guid":{"rendered":"https:\/\/siebentagefrei.de\/?page_id=150"},"modified":"2025-01-19T12:02:37","modified_gmt":"2025-01-19T12:02:37","slug":"infos-fuer-vereine","status":"publish","type":"page","link":"https:\/\/siebentagefrei.de\/index.php\/infos-fuer-vereine\/","title":{"rendered":"Infos f\u00fcr Vereine"},"content":{"rendered":"\n<h2 class=\"wp-block-heading\">Was die Vereine wissen sollten<\/h2>\n\n\n\n<figure class=\"wp-block-image\"><a href=\"mailto:info@siebentagefrei.de\"><img decoding=\"async\" src=\"https:\/\/siebentagefrei.de\/copie\/fileadmin\/_processed_\/csm_teamwork-153252_243a3264e8.png\" alt=\"\"\/><\/a><\/figure>\n\n\n\n<p>Das Projekt &#8222;7 Tage frei&#8220; in Wiehl steht nun in den Startl\u00f6chern.<br>Vom 10. Juni &#8211;&nbsp;<a>17. Juni 2015<\/a>&nbsp;werden in Wiehl und Umgebung einige hundert Kinder und Erwachsene auf ihre digitalen Medien verzichten und ihre Stadt analog entdecken.<\/p>\n\n\n\n<p>In dieser Zeit bieten Vereine, Institutionen und Partner der Stadt Wiehl ein buntes Programm an, bei denen die Teilnehmer verschiedene Freizeitaktivit\u00e4ten ausprobieren k\u00f6nnen.&nbsp;<\/p>\n\n\n\n<p>Wir w\u00fcrden uns freuen, auch Sie dabei als Anbieter gewinnen zu k\u00f6nnen, um das Angebot noch aufregender, abwechselungsreicher und interessanter gestalten zu k\u00f6nnen.<br><br>Die Angebote sollten nach M\u00f6glichkeit kostenlos oder mit einem geringen Kostenbeitrag angeboten werden und am Nachmittag bzw. am Wochenende stattfinden.<\/p>\n\n\n\n<p>Wie genau das Angebot aussieht, bleibt nat\u00fcrlich ganz Ihnen \u00fcberlassen.<br><\/p>\n\n\n\n<p>Das Projekt wird durch die Sozialstiftung der Stadt Wiehl unterst\u00fctzt.<br>Schon in der Vergangenheit hat das Pilotprojekt in Morsbach sowohl regional als auch \u00fcberregional ein hohes mediales Interesse geweckt.<\/p>\n\n\n\n<p><br>Wenn Sie Interesse haben, an dem Projekt teilzunehmen, schicken Sie uns doch bitte eine kurze R\u00fcckinfo.&nbsp;<br>Legen Sie in dieser doch bitte nach M\u00f6glichkeit auch schon fest, an welchen Tagen, zu welcher Uhrzeit Sie ein Angebot machen m\u00f6chten.<\/p>\n\n\n\n<p>Eine Mindest- oder Maximalteilnehmeranzahl, die Altersbeschr\u00e4nkung und ob sich die Teilnehmer zuvor anmelden sollten ( wenn ja bei Wem) oder eine bestimmte Ausr\u00fcstung ben\u00f6tigen.<br>Die Angebote werden wir zu einem Spa\u00dfpass &#8211; einer Art Veranstaltungskalender &#8211; zusammenfassen und an die Teilnehmer kostenlos verteilen.<br><br>Sollten weitere Fragen auftauchen oder sich bei der Planung unklarheiten ergeben, so scheuen Sie sich nicht, \u00fcber unsere Homepage eine Nachricht zu hinterlassen oder direkt bei uns anzurufen.<br>Gerne helfen Wir Ihnen bei allen Fragen und Angelegenheiten weiter.<\/p>\n","protected":false},"excerpt":{"rendered":"<p>Was die Vereine wissen sollten Das Projekt &#8222;7 Tage frei&#8220; in Wiehl steht nun in den Startl\u00f6chern.Vom 10. Juni &#8211;&nbsp;17. Juni 2015&nbsp;werden in Wiehl und Umgebung einige hundert Kinder und Erwachsene auf ihre digitalen Medien verzichten und ihre Stadt analog entdecken. In dieser Zeit bieten Vereine, Institutionen und Partner der Stadt Wiehl ein buntes Programm &#8230; <\/p>\n<p class=\"read-more-container\"><a title=\"Infos f\u00fcr Vereine\" class=\"read-more button\" href=\"https:\/\/siebentagefrei.de\/index.php\/infos-fuer-vereine\/#more-150\" aria-label=\"Mehr Informationen \u00fcber Infos f\u00fcr Vereine\">Weiterlesen &#8230;<\/a><\/p>\n","protected":false},"author":1,"featured_media":0,"parent":0,"menu_order":0,"comment_status":"closed","ping_status":"closed","template":"","meta":{"footnotes":""},"class_list":["post-150","page","type-page","status-publish"],"_links":{"self":[{"href":"https:\/\/siebentagefrei.de\/index.php\/wp-json\/wp\/v2\/pages\/150","targetHints":{"allow":["GET"]}}],"collection":[{"href":"https:\/\/siebentagefrei.de\/index.php\/wp-json\/wp\/v2\/pages"}],"about":[{"href":"https:\/\/siebentagefrei.de\/index.php\/wp-json\/wp\/v2\/types\/page"}],"author":[{"embeddable":true,"href":"https:\/\/siebentagefrei.de\/index.php\/wp-json\/wp\/v2\/users\/1"}],"replies":[{"embeddable":true,"href":"https:\/\/siebentagefrei.de\/index.php\/wp-json\/wp\/v2\/comments?post=150"}],"version-history":[{"count":1,"href":"https:\/\/siebentagefrei.de\/index.php\/wp-json\/wp\/v2\/pages\/150\/revisions"}],"predecessor-version":[{"id":152,"href":"https:\/\/siebentagefrei.de\/index.php\/wp-json\/wp\/v2\/pages\/150\/revisions\/152"}],"wp:attachment":[{"href":"https:\/\/siebentagefrei.de\/index.php\/wp-json\/wp\/v2\/media?parent=150"}],"curies":[{"name":"wp","href":"https:\/\/api.w.org\/{rel}","templated":true}]}}