{"id":147,"date":"2025-01-19T11:59:01","date_gmt":"2025-01-19T11:59:01","guid":{"rendered":"https:\/\/siebentagefrei.de\/?page_id=147"},"modified":"2025-01-19T11:59:01","modified_gmt":"2025-01-19T11:59:01","slug":"infos-fuer-lehrer","status":"publish","type":"page","link":"https:\/\/siebentagefrei.de\/index.php\/infos-fuer-lehrer\/","title":{"rendered":"Infos f\u00fcr Lehrer"},"content":{"rendered":"\n<h2 class=\"wp-block-heading\">Was die Lehrer und Schulen wissen sollten.<\/h2>\n\n\n\n<figure class=\"wp-block-image\"><img decoding=\"async\" src=\"https:\/\/siebentagefrei.de\/copie\/fileadmin\/_processed_\/csm_digital-388075_5dda30b4b3.jpg\" alt=\"\"\/><\/figure>\n\n\n\n<p><strong>Wieso sollte meine Klasse an dem Projekt teilnehmen?<\/strong><\/p>\n\n\n\n<p>Den Veranstaltern ist es ein gro\u00dfes Anliegen, in der heutigen, medienbeherrschten Zeit, den Kindern und Jugendlichen einen gezielten Umgang mit den zur Verf\u00fcgung stehenden Medien mit auf ihren Weg zu geben.<br>Dies ist ohne Frage ein Lernprozess, der nicht innerhalb von 7 Tagen abgeschlossen ist.<br>Doch am Anfang dieses Lernens sollte das Erleben stehen. In diesem Fall das Erleben, welches den Teilnehmern zeigt, dass es auch ohne Bildschirme m\u00f6glich ist, den Alltag zu meistern.<br>Viele Lehrer berichten uns immer wieder von ihren Beobachtungen \u00fcber die Konzentrationsf\u00e4higkeiten der Kinder, welche in den letzten Jahren deutlich abgenommen zu haben scheint.<br>Vielen Kindern, Jugendlichen und aber auch jungen Erwachsenen f\u00e4llt es zunehmend schwerer, sich \u00fcber einen l\u00e4ngeren Zeitraum auf eine bestimmte Sache zu fixieren und an dieser konzentriert zu arbeiten.<br>Als Ursache werden in diesem Zusammenhang oft die digitalen Medien genannt, die aus dem Kinderzimmern genau so wenig wegzudenken sind, wie aus dem restlichen Alltag. Ob im eigenen Haushalt, in der Schule, auf der Arbeit oder bei den Freizeitbesch\u00e4ftigungen, die digitalen Medien halten immer mehr Einzug.<br>Aber um sie in ihrem ganzen Potential nutzen zu k\u00f6nnen, muss sich eine Medienkultur entwickeln, die den gerechten und gesungen Umgang mit diesen Medien weitergibt.<br>Zur Zeit ist die Beobachtung der Veranstalter, dass die Kinder und Jugendlichen zwar die Ger\u00e4te zwar bis ins kleinste Detail kennen und nutzen, jedoch ohne die Nutzung und deren Auswirkung zu hinterfragen.<\/p>\n\n\n\n<p>Und um den Kindern und Jugendlichen dieses Potentail vermitteln zu k\u00f6nnen, m\u00f6chten die Veranstalter den Teilnehmern ein Lernen durch Erleben in einer Gemeinschaft erm\u00f6glichen, wie es sonst in diesem Zusammenhang kaum denkbar ist. Denn wann geht schon eine ganze Klasse, Schule oder sogar keine ganze Stadt offline?<\/p>\n\n\n\n<p>Sie als Lehrer k\u00f6nnen dieses Projekt als Anlass nehmen, um das Thema Digitale Medien und ihre Nutzung verst\u00e4rkt in den Unterricht einbauen zu k\u00f6nnen.<br>Wie gesagt: Sie k\u00f6nnen, sind jedoch dazu nicht verpflichtet! Das Projekt ist komplett freiwillig. So ist es jedem Teilnehmer freigestellt, ob er teilnimmt und in welcher Tragweite.<\/p>\n\n\n\n<p><strong>Welcher Aufwand kommt auf mich als Lehrer zu?<\/strong><\/p>\n\n\n\n<p>In welchem Umfang sie das Projekt Einfluss auf ihren Lehrplan und die Unterrichtsgestaltung nehmen lassen, ist Ihnen freigestellt.<br>Wenn ihre Klasse an dem Projekt teilnimmt, werden die Veranstalter von &#8222;7 Tage frei!&#8220; ihre Klasse ein paar Mal vorab besuchen und den Kindern das Projekt vorstellen, sowie aufkommende Fragen kl\u00e4ren.<br>Auch der genauen Ablauf der Woche wird in den Klassen vorgestellt.<br>F\u00fcr die Eltern wird ein Infomationsschreiben zur Verf\u00fcgung gestellt, in dem die wichtigsten Punkte zusammen gefasst sind.<br>Vor dem Projekt ist es n\u00f6tig, dass die Teilnehmer einen Anmeldebogen ausf\u00fcllen. Wir bitten Sie daher, diesen in ihrer Klasse auszuteilen und nach M\u00f6glichkeit im Unterricht ausf\u00fcllen zu lassen.<br>Die ausgef\u00fcllten Frageb\u00f6gen werden dann von den Veranstaltern vor dem Projekt abgeholt.<br>Am Abgabetag, \u00fcber den Sie als Lehrer noch einmal genau informiert werden, werden Sie gebeten, mit den teilnehmenden Sch\u00fclern gemeinsam zur Abgabe zu kommen. Die Abgabe wird klassenweise erfolgen.<br>Nach der medienfreien Woche bitten die Veranstalter darum, in einem \u00e4hnlichen Rahmen wie bei der Abgabe, die digitalen Medien wieder abzuholen. Aus dies sollte nach M\u00f6glichkeit klassenweise erfolgen.<br>Sie als Lehrer sind daher gebeten, ihre Klassen zusammen zu halten uns sie anzuweisen, sich im Klassenverbund gemeinsam an den Abgabeschaltern anzustellen, so dass ein reibungsloser Ablauf gew\u00e4hrleistet werden kann.<\/p>\n\n\n\n<p><strong>Wie kann ich das Projekt aktiv unterst\u00fctzen?<\/strong><\/p>\n\n\n\n<p>Sollten Sie ihrer Klasse die M\u00f6glichkeit geben, an dem einmaligen Projekt teilzunehmen, unterst\u00fctzen Sie dieses schon sehr! Denn was ist ein Projekt schon ohne Teilnehmer?<br>Wenn Sie das Thema von &#8222;7 Tage frei!&#8220; als Anlass nehmen, den gezielten Umgang mit digitalen Medien vermehrt in ihren Unterricht einflie\u00dfen zu lassen, so bieten Sie den Teilnehmern die Chance, langfrisitig von dem Projekt positiv profitieren zu k\u00f6nnen! Gerne unterst\u00fctzt Sie Outdoor-Oberberg e.V. hierbei aktiv mit Programmen oder Material.<\/p>\n","protected":false},"excerpt":{"rendered":"<p>Was die Lehrer und Schulen wissen sollten. Wieso sollte meine Klasse an dem Projekt teilnehmen? Den Veranstaltern ist es ein gro\u00dfes Anliegen, in der heutigen, medienbeherrschten Zeit, den Kindern und Jugendlichen einen gezielten Umgang mit den zur Verf\u00fcgung stehenden Medien mit auf ihren Weg zu geben.Dies ist ohne Frage ein Lernprozess, der nicht innerhalb von &#8230; <\/p>\n<p class=\"read-more-container\"><a title=\"Infos f\u00fcr Lehrer\" class=\"read-more button\" href=\"https:\/\/siebentagefrei.de\/index.php\/infos-fuer-lehrer\/#more-147\" aria-label=\"Mehr Informationen \u00fcber Infos f\u00fcr Lehrer\">Weiterlesen &#8230;<\/a><\/p>\n","protected":false},"author":1,"featured_media":0,"parent":0,"menu_order":0,"comment_status":"closed","ping_status":"closed","template":"","meta":{"footnotes":""},"class_list":["post-147","page","type-page","status-publish"],"_links":{"self":[{"href":"https:\/\/siebentagefrei.de\/index.php\/wp-json\/wp\/v2\/pages\/147","targetHints":{"allow":["GET"]}}],"collection":[{"href":"https:\/\/siebentagefrei.de\/index.php\/wp-json\/wp\/v2\/pages"}],"about":[{"href":"https:\/\/siebentagefrei.de\/index.php\/wp-json\/wp\/v2\/types\/page"}],"author":[{"embeddable":true,"href":"https:\/\/siebentagefrei.de\/index.php\/wp-json\/wp\/v2\/users\/1"}],"replies":[{"embeddable":true,"href":"https:\/\/siebentagefrei.de\/index.php\/wp-json\/wp\/v2\/comments?post=147"}],"version-history":[{"count":1,"href":"https:\/\/siebentagefrei.de\/index.php\/wp-json\/wp\/v2\/pages\/147\/revisions"}],"predecessor-version":[{"id":149,"href":"https:\/\/siebentagefrei.de\/index.php\/wp-json\/wp\/v2\/pages\/147\/revisions\/149"}],"wp:attachment":[{"href":"https:\/\/siebentagefrei.de\/index.php\/wp-json\/wp\/v2\/media?parent=147"}],"curies":[{"name":"wp","href":"https:\/\/api.w.org\/{rel}","templated":true}]}}