{"id":137,"date":"2025-01-19T11:44:53","date_gmt":"2025-01-19T11:44:53","guid":{"rendered":"https:\/\/siebentagefrei.de\/?page_id=137"},"modified":"2025-01-19T11:46:27","modified_gmt":"2025-01-19T11:46:27","slug":"h2elden-ausruestung","status":"publish","type":"page","link":"https:\/\/siebentagefrei.de\/index.php\/h2elden-ausruestung\/","title":{"rendered":"H2elden-Ausr\u00fcstung"},"content":{"rendered":"\n<h2 class=\"wp-block-heading\">Auf was Ha2elden verzichten<\/h2>\n\n\n<div class=\"wp-block-image\">\n<figure class=\"alignright\"><a href=\"https:\/\/siebentagefrei.de\/copie\/index.php_eID=tx_cms_showpic&amp;file=427&amp;md5=5e6a96157d90d754b878b61da4b6bc28987375d8&amp;parameters%5B0%5D=YTo0OntzOjU6IndpZHRoIjtzOjQ6IjgwMG0iO3M6NjoiaGVpZ2h0IjtzOjQ6IjYw&amp;parameters%5B1%5D=MG0iO3M6NzoiYm9keVRhZyI7czo0MToiPGJvZHkgc3R5bGU9Im1hcmdpb_88fdf6e34d66740e.html\"><img decoding=\"async\" src=\"https:\/\/siebentagefrei.de\/copie\/fileadmin\/_processed_\/csm_tablet-626093_e82a4a57cc.jpg\" alt=\"\"\/><\/a><\/figure>\n<\/div>\n\n\n<p><strong>Digitale Bildschirme<\/strong><\/p>\n\n\n\n<ul class=\"wp-block-list\">\n<li>Handy<\/li>\n\n\n\n<li>Smartphone<\/li>\n\n\n\n<li>Tablet<\/li>\n\n\n\n<li>Laptop<\/li>\n\n\n\n<li>PC<\/li>\n\n\n\n<li>Nintendo<\/li>\n\n\n\n<li>Fernseher<\/li>\n\n\n\n<li>Spielekonsole<\/li>\n<\/ul>\n\n\n<div class=\"wp-block-image\">\n<figure class=\"alignright\"><a href=\"https:\/\/siebentagefrei.de\/copie\/index.php_eID=tx_cms_showpic&amp;file=425&amp;md5=363969015341db5584d7fd82af98b84d7e58fa10&amp;parameters%5B0%5D=YTo0OntzOjU6IndpZHRoIjtzOjQ6IjgwMG0iO3M6NjoiaGVpZ2h0IjtzOjQ6IjYw&amp;parameters%5B1%5D=MG0iO3M6NzoiYm9keVRhZyI7czo0MToiPGJvZHkgc3R5bGU9Im1hcmdpb_88fdf6e34d66740e.html\"><img decoding=\"async\" src=\"https:\/\/siebentagefrei.de\/copie\/fileadmin\/_processed_\/csm_network-connection-414415_3e28a9bfb9.jpg\" alt=\"\"\/><\/a><\/figure>\n<\/div>\n\n\n<h2 class=\"wp-block-heading\">Was Ha2elden am 10. Juni 2015 im Banktresor einschlie\u00dfen<\/h2>\n\n\n\n<p><strong>Digitale Bildschirme und Zubeh\u00f6r<\/strong><\/p>\n\n\n\n<ul class=\"wp-block-list\">\n<li>Handy<\/li>\n\n\n\n<li>Smartphone<\/li>\n\n\n\n<li>Tablet<\/li>\n\n\n\n<li>Nintendo<\/li>\n\n\n\n<li>Das Stromkabel oder die Computermaus vom PC<\/li>\n\n\n\n<li>Das Stromkabel oder die Fernbedienung vom Fernseher<\/li>\n\n\n\n<li>Das Stromkabel oder die Controler der Spielekonsolen<\/li>\n<\/ul>\n\n\n<div class=\"wp-block-image\">\n<figure class=\"alignright\"><a href=\"https:\/\/siebentagefrei.de\/copie\/index.php_eID=tx_cms_showpic&amp;file=424&amp;md5=aa175fa5158fa9ba8191c0e08a24dc2875ff209e&amp;parameters%5B0%5D=YTo0OntzOjU6IndpZHRoIjtzOjQ6IjgwMG0iO3M6NjoiaGVpZ2h0IjtzOjQ6IjYw&amp;parameters%5B1%5D=MG0iO3M6NzoiYm9keVRhZyI7czo0MToiPGJvZHkgc3R5bGU9Im1hcmdpb_88fdf6e34d66740e.html\"><img decoding=\"async\" src=\"https:\/\/siebentagefrei.de\/copie\/fileadmin\/_processed_\/csm_superhero-534120_71c2d114a5.jpg\" alt=\"\"\/><\/a><\/figure>\n<\/div>\n\n\n<h2 class=\"wp-block-heading\">Was Ha2elden f\u00fcr ihre Taten bekommen<\/h2>\n\n\n\n<p><strong>Diese Ha<sup>2<\/sup>eldenausr\u00fcstung erwartet Euch<\/strong><\/p>\n\n\n\n<ul class=\"wp-block-list\">\n<li>Ein Ha<sup>2<\/sup>eldenausweis mit eurer pers\u00f6nlichen Ha<sup>2<\/sup>eldennummer<\/li>\n\n\n\n<li>Ein Ha<sup>2<\/sup>elden-Band<\/li>\n\n\n\n<li>Die Ha<sup>2<\/sup>elden-Club Mitgliedschaft<\/li>\n\n\n\n<li>eine \u00dcberlebenst\u00fcte mit analogen \u00dcberraschungen<\/li>\n\n\n\n<li>Abenteuer<\/li>\n\n\n\n<li>Herausforderungen<\/li>\n\n\n\n<li>Ruhm<\/li>\n\n\n\n<li>Ehre<\/li>\n<\/ul>\n","protected":false},"excerpt":{"rendered":"<p>Auf was Ha2elden verzichten Digitale Bildschirme Was Ha2elden am 10. Juni 2015 im Banktresor einschlie\u00dfen Digitale Bildschirme und Zubeh\u00f6r Was Ha2elden f\u00fcr ihre Taten bekommen Diese Ha2eldenausr\u00fcstung erwartet Euch<\/p>\n","protected":false},"author":1,"featured_media":0,"parent":0,"menu_order":0,"comment_status":"closed","ping_status":"closed","template":"","meta":{"footnotes":""},"class_list":["post-137","page","type-page","status-publish"],"_links":{"self":[{"href":"https:\/\/siebentagefrei.de\/index.php\/wp-json\/wp\/v2\/pages\/137","targetHints":{"allow":["GET"]}}],"collection":[{"href":"https:\/\/siebentagefrei.de\/index.php\/wp-json\/wp\/v2\/pages"}],"about":[{"href":"https:\/\/siebentagefrei.de\/index.php\/wp-json\/wp\/v2\/types\/page"}],"author":[{"embeddable":true,"href":"https:\/\/siebentagefrei.de\/index.php\/wp-json\/wp\/v2\/users\/1"}],"replies":[{"embeddable":true,"href":"https:\/\/siebentagefrei.de\/index.php\/wp-json\/wp\/v2\/comments?post=137"}],"version-history":[{"count":2,"href":"https:\/\/siebentagefrei.de\/index.php\/wp-json\/wp\/v2\/pages\/137\/revisions"}],"predecessor-version":[{"id":140,"href":"https:\/\/siebentagefrei.de\/index.php\/wp-json\/wp\/v2\/pages\/137\/revisions\/140"}],"wp:attachment":[{"href":"https:\/\/siebentagefrei.de\/index.php\/wp-json\/wp\/v2\/media?parent=137"}],"curies":[{"name":"wp","href":"https:\/\/api.w.org\/{rel}","templated":true}]}}