{"id":134,"date":"2025-08-19T11:43:30","date_gmt":"2025-08-19T11:43:30","guid":{"rendered":"https:\/\/siebentagefrei.de\/?page_id=134"},"modified":"2025-09-12T18:06:07","modified_gmt":"2025-09-12T18:06:07","slug":"infos-fuer-ha2elden","status":"publish","type":"page","link":"https:\/\/siebentagefrei.de\/index.php\/infos-fuer-ha2elden\/","title":{"rendered":"Infos f\u00fcr Ha2elden"},"content":{"rendered":"\n<h1 class=\"wp-block-heading\">Das volle Infopaket f\u00fcr\u00b4s analoge \u00dcberleben<\/h1>\n\n\n\n<p>Hallo ihr angehenden Ha2elden!<\/p>\n\n\n\n<p>In unserem kurzen FAQ beantworten wir Euch hier einige grundlegende Fragen zu dem Projekt 7 Tage frei! in eurer Stadt.<\/p>\n\n\n\n<p>Was ist ein Ha2eld?<\/p>\n\n\n\n<p>Ein erster Schritt in in die Richtung Ha2eld hast Du schon geschafft, wenn Du Dich fragst, wieso wir das Wort so seltsam schreiben. Denn eigentlich hei\u00dft es doch HELD.<br>Bleiben wir mal bei dieser Schreibweise. Wof\u00fcr steht das Wort Held? Helden sind Vorbilder, die die Welt retten und Superkr\u00e4fte haben. Jeder mag sie und jeder kennt sie. Sie sind superstark.<br>Hinter unserer Version der HELDen steht aber noch ein bisschen mehr als das.<\/p>\n\n\n\n<p><\/p>\n\n\n\n<p class=\"has-large-font-size\"><strong>Ha<sup>2<\/sup>eld bedeutet:<\/strong><\/p>\n\n\n\n<p class=\"has-medium-font-size\"><br><strong>H<\/strong> eute<strong><br>A<\/strong> lles<strong><br>A<\/strong> nalog<strong><br>E<\/strong> r <strong>L<\/strong> eben<strong><br>D<\/strong> \u00fcrfen<\/p>\n\n\n\n<p>Unsere Ha<sup>2<\/sup>elden haben ebenfalls Superkr\u00e4fte und werden in dieser Woche zu Vorbildern. Jedoch k\u00f6nnen sie nicht pl\u00f6tzlich Hausw\u00e4nde hinauf laufen und Autos hochheben.<br>Sie k\u00f6nnen auf ihre Bildschirme verzichten &#8211; und das macht sie superstarken Ha<sup>2<\/sup>elden! Denn diese Eigenschaft ist heute schon etwas ganz besonderes. \u00dcberall sieht man Menschen, die Bildschirme nutzen, um sich und anderen zu helfen. Bei Fragen wird im Internet gesucht, bei Langeweile wird gespielt und wenn man unterwegs ist, kann man trotzdem mit seinen Freunden in Kontakt bleiben. Doch sind diese Bildschirme Vorbilder? Nicht wirklich. K\u00f6nnen sie die Welt retten? Nicht ohne die Hilfe der Nutzer. Und Superkr\u00e4fte haben sie im Notfall auch nicht drauf.<\/p>\n\n\n\n<p>Also brauchen wir andere Ha<sup>2<\/sup>elden. Euch! Ihr entwickelt ganz ohne Bildschirme eure Superkr\u00e4fte, mit denen ihr Probleme l\u00f6sen k\u00f6nnt, mit denen ihr neue Leute kennen lernen und alte Freunde treffen k\u00f6nnt. Und mit denen ihr im Notfall die Welt rettet. Und das ganz analog, also ohne die Hilfe von digitalen Medien.<\/p>\n\n\n\n<p class=\"has-large-font-size\"><strong>Wie werde ich ein Ha<sup>2<\/sup>eld?<\/strong><\/p>\n\n\n\n<p>Indem Du Dich entscheidest, mitzumachen.<\/p>\n\n\n\n<p>Dazu musst Du nur am 10.Juni dein Handy, Smartphone, Tablet oder die Kabel von deinem Fernseher oder deiner Spielekonsole mit in die Schule nehmen. Auch die Fernbedienung oder der Controller k\u00f6nnen mit abgegeben werden. Deine Klasse wird gemeinsam mit allen angehenden Ha2elden morgens an eine zentrale Stelle kommen, wo wir das Projekt dann gemeinsam er\u00f6ffnen.<\/p>\n\n\n\n<p>Deine Sachen werden sicher im Tresor der Bank eingeschlossen. Damit nichts verloren geht oder vertauscht wird, bekommst Du von uns einen Ha<sup>2<\/sup>elden-Ausweis mit deiner pers\u00f6nlichen Ha<sup>2<\/sup>elden-Nummer. Die T\u00fcte, in der deine Sachen verpackt sind, bekommt genau diese Nummer, so dass Du am Ende der Woche ganz sicher auch deine Sachen wieder zur\u00fcck bekommst.<\/p>\n\n\n\n<p>Als Ha<sup>2<\/sup>elden-Zeichen verleihen wir Dir au\u00dferdem noch ein Armband, mit dem Dich jeder in der Stadt als Ha<sup>2<\/sup>eld identifizieren kann. Nat\u00fcrlich wirst Du nicht gezwungen, all deine Bildschirme bei uns abzugeben. Du kannst Dich auch dazu entscheiden, nur eine Sache abzugeben und auf diese eine Woche zu verzichten. Auch kleine Ha<sup>2<\/sup>elden sind wertvolle Ha<sup>2<\/sup>elden. Wenn Du nicht m\u00f6chtest, dass deine Sachen in der Bank eingeschlossen werden, kannst Du auch deine Eltern bitten, auf diese f\u00fcr den Zeitraum aufzupassen.<\/p>\n\n\n\n<p>Bitte sprich jedoch im Vorfeld mit deiner Familie ab, was Du abgeben m\u00f6chtest. Wenn deine ganze Familie Dich bei dem Projekt unterst\u00fctzt, seid ihr direkt eine ganze Ha<sup>2<\/sup>elden-Familie und k\u00f6nnt gemeinsam dieses spannende Abenteuer erleben.<\/p>\n\n\n\n<p class=\"has-large-font-size\"><strong>Was ist meine Ha<sup>2<\/sup>elden-Mission?<\/strong><\/p>\n\n\n\n<p>Als Ha<sup>2<\/sup>eld wirst Du die Stadt Wiehl eine Woche lang analog erforschen.<\/p>\n\n\n\n<p>Dabei kannst Du zusammen mit anderen Ha<sup>2<\/sup>elden Freizeitangebote entdecken, die Du vorher vielleicht noch nicht kanntest und diese M\u00f6glichkeiten ha<sup>2<\/sup>eldhaft erobern. Einen \u00dcberblick \u00fcber die angebotenen Programme findest Du sowohl auf unserer Homepage, als auch im <a href=\"https:\/\/siebentagefrei.de\/copie\/index.php_id=76.html\">Spa\u00dfpass<\/a> der zu Beginn der Woche verteilt wird.<\/p>\n\n\n\n<p>Deine Mission ist es, ein Vorbild zu werden f\u00fcr deine Mitmenschen, die nicht an \u201e7 Tage frei!\u201c mitmachen. Du setzt Dich mit den Problemen der analogen Welt auseinander und entdeckst bisher ungeahnte L\u00f6sungen. Einzigartige Erfahrungen und spannende Erlebnisse warten auf Dich!<\/p>\n\n\n\n<p>Und auch nach dieser analogen Woche, kannst Du deine Mission in deinen digitalen Alltag einbinden. Sei gespannt!<\/p>\n\n\n\n<p class=\"has-large-font-size\"><strong>Warum soll ich ein Ha<sup>2<\/sup>eld werden?<\/strong><\/p>\n\n\n\n<p>Ha<sup>2<\/sup>elden sind Personen, die etwas erleben. Ha<sup>2<\/sup>elden sind Vorbilder, zu denen man hinauf blickt. Ha<sup>2<\/sup>elden verf\u00fcgen \u00fcber Superkr\u00e4fte.<\/p>\n\n\n\n<p>All das kann Dir bevor stehen. Werde Mitglied im Ha<sup>2<\/sup>elden-Club und erlebe deine Stadt auf eine v\u00f6llig neue Art und Weise. Als Mitglied im Club stehen Dir neben den normalen Veranstaltungen, an denen alle teilnehmen d\u00fcrfen, auch exklusive Ha<sup>2<\/sup>elden-Angebote zur Verf\u00fcgung. Bei allen Veranstaltungen kannst Du spannende Dinge erleben, eine neue Welt entdecken und einzigartige Erfahrungen sammeln. Du lernst neben neuen Angeboten in deiner Stadt auch neue Ha<sup>2<\/sup>elden kennen, die Dich ebenfalls auf dem Abenteuer \u201e7 Tage frei!\u201c begleiten. Erlebt gemeinsam das analoge Abenteuer \u201e7 Tage frei!\u201cDein eigener Spa\u00dfpass \u00f6ffnet Dir dabei die T\u00fcren zur allen analogen Erlebnissen. Au\u00dferdem warten noch einige kleine \u00dcberraschungen auf Dich, die Dich Ha<sup>2<\/sup>elden als solchen ehren.<\/p>\n","protected":false},"excerpt":{"rendered":"<p>Das volle Infopaket f\u00fcr\u00b4s analoge \u00dcberleben Hallo ihr angehenden Ha2elden! In unserem kurzen FAQ beantworten wir Euch hier einige grundlegende Fragen zu dem Projekt 7 Tage frei! in eurer Stadt. Was ist ein Ha2eld? Ein erster Schritt in in die Richtung Ha2eld hast Du schon geschafft, wenn Du Dich fragst, wieso wir das Wort so &#8230; <\/p>\n<p class=\"read-more-container\"><a title=\"Infos f\u00fcr Ha2elden\" class=\"read-more button\" href=\"https:\/\/siebentagefrei.de\/index.php\/infos-fuer-ha2elden\/#more-134\" aria-label=\"Mehr Informationen \u00fcber Infos f\u00fcr Ha2elden\">Weiterlesen &#8230;<\/a><\/p>\n","protected":false},"author":1,"featured_media":0,"parent":0,"menu_order":0,"comment_status":"closed","ping_status":"closed","template":"","meta":{"footnotes":""},"class_list":["post-134","page","type-page","status-publish"],"_links":{"self":[{"href":"https:\/\/siebentagefrei.de\/index.php\/wp-json\/wp\/v2\/pages\/134","targetHints":{"allow":["GET"]}}],"collection":[{"href":"https:\/\/siebentagefrei.de\/index.php\/wp-json\/wp\/v2\/pages"}],"about":[{"href":"https:\/\/siebentagefrei.de\/index.php\/wp-json\/wp\/v2\/types\/page"}],"author":[{"embeddable":true,"href":"https:\/\/siebentagefrei.de\/index.php\/wp-json\/wp\/v2\/users\/1"}],"replies":[{"embeddable":true,"href":"https:\/\/siebentagefrei.de\/index.php\/wp-json\/wp\/v2\/comments?post=134"}],"version-history":[{"count":9,"href":"https:\/\/siebentagefrei.de\/index.php\/wp-json\/wp\/v2\/pages\/134\/revisions"}],"predecessor-version":[{"id":246,"href":"https:\/\/siebentagefrei.de\/index.php\/wp-json\/wp\/v2\/pages\/134\/revisions\/246"}],"wp:attachment":[{"href":"https:\/\/siebentagefrei.de\/index.php\/wp-json\/wp\/v2\/media?parent=134"}],"curies":[{"name":"wp","href":"https:\/\/api.w.org\/{rel}","templated":true}]}}